{"id":685,"date":"2021-08-01T13:28:24","date_gmt":"2021-08-01T10:28:24","guid":{"rendered":"https:\/\/turkiyedekomur.org\/raporlar\/"},"modified":"2021-08-30T20:37:36","modified_gmt":"2021-08-30T17:37:36","slug":"raporlar","status":"publish","type":"page","link":"https:\/\/turkiyedekomur.org\/en\/raporlar\/","title":{"rendered":"Reports"},"content":{"rendered":"<p>[vc_row margin_top=&#8221;-3em&#8221;][vc_column]<div class=\" section-heading text-left ihda\"><h2 class=\"heading\" style=\"font-size:38px\">Reports<\/h2><p class=\"additional-heading\" style=\"font-size:20px\">Reports on coal, particularly on its place in electricity generation, <b>its effects, its future and its production.<\/b><\/p><\/div>[\/vc_column][\/vc_row][vc_row][vc_column]            \r\n            <div class=\"blog blog-post shortcode-blog-post grid-layout-post no-sidebar\">\r\n\t\t\t\t<div class=\"blog-container \" data-dir=\"https:\/\/turkiyedekomur.org\/wp-content\/themes\/cookie\">\r\n\t\t\t\t\t<div class=\"row\">\r\n\t\t\t\t\t\t<div class=\"col-sm-12 col-md-12 blog-post-content\" data-blog-grid=\"fitRows\">\r\n\t\t\t\t\t\t\t<div class=\"content-area\">\r\n\t\t\t\t\t\t\t\t<div class=\"site-main\" role=\"main\"><!--  carousel-posts -->\r\n\r\n\t\t\t\t\t\t\t\t\r\n\t\t\t\t\t\t\t\t\t\r\n\t\t\t\t\t\t\t\t\t\t\t\t\t\t\t\t\t\t\r\n\t\t\t\t\t\t\t\t\t\t\n<article id=\"post-765\" class=\"grid-item post-765 post type-post status-publish format-standard has-post-thumbnail hentry\">\n\t\n\t \n\t<div class=\"entry-thumbnail\">\n\t\t<img width=\"640\" height=\"640\" src=\"https:\/\/turkiyedekomur.org\/wp-content\/uploads\/2021\/08\/kara-rapor-20_sq.jpg\" class=\"attachment-cookie-grid-thumbnail size-cookie-grid-thumbnail wp-post-image\" alt=\"\" loading=\"lazy\" \/>\t<\/div>\n\t\n\t\t\t<div class=\"entry-meta\">\n\t\t\t<span class=\"cat-links\">Uncategorized<\/span>\t\t\t<span class=\"posted-on\"><a href=\"https:\/\/turkiyedekomur.org\/en\/kara-rapor-2020\/\" rel=\"bookmark\"><time class=\"entry-date published\" datetime=\"2020-08-01T17:32:00+03:00\">01\/08\/2020<\/time><time class=\"updated\" datetime=\"2021-08-30T20:53:33+03:00\">30\/08\/2021<\/time><\/a><\/span>\t\t<\/div><!-- .entry-meta -->\n\t\n\t<h4 class=\"entry-title\"><a href=\"https:\/\/turkiyedekomur.org\/en\/kara-rapor-2020\/\" rel=\"bookmark\">Dark Report 2020<\/a><\/h4>\n\t<div class=\"entry-content\">\n\t\tDark Report published on August 2020.\t\t\t<\/div><!-- .entry-content -->\n<\/article><!-- #post-## -->\n\n\r\n\t\t\t\t\t\t\t\t\t\r\n\t\t\t\t\t\t\t\t\t\t\n<article id=\"post-736\" class=\"grid-item post-736 post type-post status-publish format-standard has-post-thumbnail hentry\">\n\t\n\t \n\t<div class=\"entry-thumbnail\">\n\t\t<img width=\"640\" height=\"640\" src=\"https:\/\/turkiyedekomur.org\/wp-content\/uploads\/2021\/05\/komur-bulmacasini-cozmek_sq.jpg\" class=\"attachment-cookie-grid-thumbnail size-cookie-grid-thumbnail wp-post-image\" alt=\"\" loading=\"lazy\" \/>\t<\/div>\n\t\n\t\t\t<div class=\"entry-meta\">\n\t\t\t<span class=\"cat-links\">Uncategorized<\/span>\t\t\t<span class=\"posted-on\"><a href=\"https:\/\/turkiyedekomur.org\/en\/komur-bulmacasini-cozmek\/\" rel=\"bookmark\"><time class=\"entry-date published\" datetime=\"2019-12-01T16:54:00+03:00\">01\/12\/2019<\/time><time class=\"updated\" datetime=\"2021-08-30T20:42:42+03:00\">30\/08\/2021<\/time><\/a><\/span>\t\t<\/div><!-- .entry-meta -->\n\t\n\t<h4 class=\"entry-title\"><a href=\"https:\/\/turkiyedekomur.org\/en\/komur-bulmacasini-cozmek\/\" rel=\"bookmark\">Solving the coal puzzle<\/a><\/h4>\n\t<div class=\"entry-content\">\n\t\t2019 y\u0131l\u0131nda yay\u0131mlanan K\u00f6m\u00fcr Bulmacas\u0131n\u0131 \u00c7\u00f6zmek Raporu.\t\t\t<\/div><!-- .entry-content -->\n<\/article><!-- #post-## -->\n\n\r\n\t\t\t\t\t\t\t\t\t\r\n\t\t\t\t\t\t\t\t\t\t\n<article id=\"post-755\" class=\"grid-item post-755 post type-post status-publish format-standard has-post-thumbnail hentry category-report\">\n\t\n\t \n\t<div class=\"entry-thumbnail\">\n\t\t<img width=\"640\" height=\"640\" src=\"https:\/\/turkiyedekomur.org\/wp-content\/uploads\/2021\/05\/yukselis-ve-cokus-19_sq.jpg\" class=\"attachment-cookie-grid-thumbnail size-cookie-grid-thumbnail wp-post-image\" alt=\"\" loading=\"lazy\" \/>\t<\/div>\n\t\n\t\t\t<div class=\"entry-meta\">\n\t\t\t<span class=\"cat-links\"><a href=\"https:\/\/turkiyedekomur.org\/en\/category\/report\/\" rel=\"category tag\">Report<\/a>, <a href=\"https:\/\/turkiyedekomur.org\/en\/category\/report\/\" rel=\"category tag\">Report<\/a>, <a href=\"https:\/\/turkiyedekomur.org\/en\/category\/report\/\" rel=\"category tag\">Report<\/a>, <a href=\"https:\/\/turkiyedekomur.org\/en\/category\/report\/\" rel=\"category tag\">Report<\/a><\/span>\t\t\t<span class=\"posted-on\"><a href=\"https:\/\/turkiyedekomur.org\/en\/yukselis-ve-cokus-2019\/\" rel=\"bookmark\"><time class=\"entry-date published\" datetime=\"2019-03-01T17:24:00+03:00\">01\/03\/2019<\/time><time class=\"updated\" datetime=\"2021-08-30T20:48:10+03:00\">30\/08\/2021<\/time><\/a><\/span>\t\t<\/div><!-- .entry-meta -->\n\t\n\t<h4 class=\"entry-title\"><a href=\"https:\/\/turkiyedekomur.org\/en\/yukselis-ve-cokus-2019\/\" rel=\"bookmark\">Boom and Bust 2019<\/a><\/h4>\n\t<div class=\"entry-content\">\n\t\tBoom and Bust report published on March 2019.\t\t\t<\/div><!-- .entry-content -->\n<\/article><!-- #post-## -->\n\n\r\n\t\t\t\t\t\t\t\t\t\r\n\t\t\t\t\t\t\t\t\t\t\n<article id=\"post-745\" class=\"grid-item post-745 post type-post status-publish format-standard has-post-thumbnail hentry\">\n\t\n\t \n\t<div class=\"entry-thumbnail\">\n\t\t<img width=\"640\" height=\"640\" src=\"https:\/\/turkiyedekomur.org\/wp-content\/uploads\/2021\/05\/enerji-devrimi_sq.jpg\" class=\"attachment-cookie-grid-thumbnail size-cookie-grid-thumbnail wp-post-image\" alt=\"\" loading=\"lazy\" \/>\t<\/div>\n\t\n\t\t\t<div class=\"entry-meta\">\n\t\t\t<span class=\"cat-links\">Uncategorized<\/span>\t\t\t<span class=\"posted-on\"><a href=\"https:\/\/turkiyedekomur.org\/en\/enerji-devrimi\/\" rel=\"bookmark\"><time class=\"entry-date published\" datetime=\"2015-05-08T17:19:00+03:00\">08\/05\/2015<\/time><time class=\"updated\" datetime=\"2021-08-30T20:46:03+03:00\">30\/08\/2021<\/time><\/a><\/span>\t\t<\/div><!-- .entry-meta -->\n\t\n\t<h4 class=\"entry-title\"><a href=\"https:\/\/turkiyedekomur.org\/en\/enerji-devrimi\/\" rel=\"bookmark\">Energy [R]evolution<\/a><\/h4>\n\t<div class=\"entry-content\">\n\t\tEnergy [R]evolution report published on May 2015.\t\t\t<\/div><!-- .entry-content -->\n<\/article><!-- #post-## -->\n\n\r\n\t\t\t\t\t\t\t\t\t\t\t\t\t\t\t\t\t\t<!-- Loop Ends -->\r\n\t\t\t\t\t\t\t\t\r\n\t\t\t\t\t\t\t\t<\/div><!-- #main -->\r\n\t\t\t\t\t\t\t\t<!-- Post Navigation -->\r\n\t\t\t\t\t\t\t\t<div class=\"post-number-navigation page-number-navigation navigation text-center\"><\/div>\t\t\t\t\t\t\t<\/div><!-- #primary -->\r\n\t\t\t\t\t\t<\/div>\r\n\t\t\t\t\t\t\t\t\t\t\t<\/div>\r\n\t\t\t\t<\/div>\r\n\t\t\t<\/div>      \r\n\t\t[\/vc_column][\/vc_row]<\/p>\n","protected":false},"excerpt":{"rendered":"<p>[vc_row margin_top=&#8221;-3em&#8221;][vc_column][\/vc_column][\/vc_row][vc_row][vc_column][\/vc_column][\/vc_row]<\/p>\n","protected":false},"author":1,"featured_media":0,"parent":0,"menu_order":0,"comment_status":"closed","ping_status":"closed","template":"","meta":[],"_links":{"self":[{"href":"https:\/\/turkiyedekomur.org\/en\/wp-json\/wp\/v2\/pages\/685"}],"collection":[{"href":"https:\/\/turkiyedekomur.org\/en\/wp-json\/wp\/v2\/pages"}],"about":[{"href":"https:\/\/turkiyedekomur.org\/en\/wp-json\/wp\/v2\/types\/page"}],"author":[{"embeddable":true,"href":"https:\/\/turkiyedekomur.org\/en\/wp-json\/wp\/v2\/users\/1"}],"replies":[{"embeddable":true,"href":"https:\/\/turkiyedekomur.org\/en\/wp-json\/wp\/v2\/comments?post=685"}],"version-history":[{"count":3,"href":"https:\/\/turkiyedekomur.org\/en\/wp-json\/wp\/v2\/pages\/685\/revisions"}],"predecessor-version":[{"id":734,"href":"https:\/\/turkiyedekomur.org\/en\/wp-json\/wp\/v2\/pages\/685\/revisions\/734"}],"wp:attachment":[{"href":"https:\/\/turkiyedekomur.org\/en\/wp-json\/wp\/v2\/media?parent=685"}],"curies":[{"name":"wp","href":"https:\/\/api.w.org\/{rel}","templated":true}]}}